{"id":41,"date":"2022-07-27T09:43:18","date_gmt":"2022-07-27T06:43:18","guid":{"rendered":"https:\/\/websitebuilder-demo.net\/finance-counsel\/?page_id=41"},"modified":"2026-04-09T00:44:54","modified_gmt":"2026-04-08T21:44:54","slug":"iletisim","status":"publish","type":"page","link":"https:\/\/aycakizyurdu.com\/index.php\/iletisim\/","title":{"rendered":"\u0130leti\u015fim"},"content":{"rendered":"<div class=\"brz-root__container brz-reset-all brz brz-root__container-page\">\n<section id=\"_ovxutkbfpmhudgaskjpyiyzhzxchddognukm\" class=\"brz-section brz-css-1c6ya6f\">\n<div class=\"brz-section__content brz-section--boxed brz-css-1l970zg brz-css-vkqaqv\" data-brz-custom-id=\"qvwwmzjxccpdyraqhltopwrxnibmagalsszc\">\n<div class=\"brz-bg\">\n<div class=\"brz-bg-color\"><\/div>\n<\/div>\n<div class=\"brz-container brz-css-1vnjorf\">\n<div id=\"\" class=\"brz-css-1tnh17y brz-wrapper\">\n<div class=\"brz-rich-text brz-rich-text__custom brz-css-19rqxyd\" data-brz-custom-id=\"isrwvjhelzbayhsykvatlwdmccbdmtlvgkcj\">\n<div data-brz-translate-text=\"1\">\n<p class=\"brz-text-lg-center brz-tp-lg-heading1 brz-css-zJMjb\" data-generated-css=\"brz-css-zahgc\" data-uniq-id=\"fttgr\"><span class=\"brz-cp-color2\">\u0130leti\u015fim ve Ula\u015f\u0131m<\/span><\/p>\n<\/div>\n<\/div>\n<\/div>\n<div id=\"\" class=\"brz-css-1tnh17y brz-css-qk8xqu brz-wrapper\">\n<div class=\"brz-spacer brz-css-69gn25 brz-css-10i0ivb\"><\/div>\n<\/div>\n<div class=\"brz-row__container brz-css-1c5edwi\" data-brz-custom-id=\"mxvxgvetftnwpjbudbspilvnjbfocyaxdbno\">\n<div class=\"brz-bg\"><\/div>\n<div class=\"brz-row brz-css-nncn31 brz-css-16l9pa1\">\n<div class=\"brz-columns brz-css-aqknrf brz-css-sy3b9j\" data-brz-custom-id=\"nbednlvlqkkypobjpvkaussxralxwkiwqiqr\">\n<div class=\"brz-bg\"><\/div>\n<div class=\"brz-column__items brz-css-1uq9d0h brz-css-1q4ykxp\">\n<div id=\"\" class=\"brz-css-1tnh17y brz-css-173a2z7 brz-wrapper\">\n<div class=\"brz-map brz-map_styles brz-css-1wa33mc brz-css-1enq00i\" data-brz-custom-id=\"bhzpmzgtmafycscbzgshthcgckuitmsfbfno\">\n<div class=\"brz-ui-ed-map-content\"><\/div>\n<\/div>\n<\/div>\n<\/div>\n<\/div>\n<\/div>\n<\/div>\n<\/div>\n<\/div>\n<\/section>\n<section id=\"_uyzprqfwpqchbkjzzptgmnxaqeywwghiszdq\" class=\"brz-section brz-css-1c6ya6f\">\n<div class=\"brz-section__content brz-section--boxed brz-css-1l970zg brz-css-q5ymyc\" data-brz-custom-id=\"oknmgthezggisvokgujftqqtvbzsdhwogjcr\">\n<div class=\"brz-bg\">\n<div class=\"brz-bg-color\"><\/div>\n<\/div>\n<div class=\"brz-container brz-css-1vnjorf\">\n<div class=\"brz-row__container brz-css-1c5edwi\" data-brz-custom-id=\"koyvxpiqhlafenterkrhkbfrrnufzyxzhqia\">\n<div class=\"brz-bg\"><\/div>\n<div class=\"brz-row brz-css-nncn31 brz-css-16l9pa1\">\n<div class=\"brz-columns brz-css-aqknrf brz-css-35q6da\" data-brz-custom-id=\"qctnzeixirkgdjnxfmkgetncwuexelvmwfco\">\n<div class=\"brz-bg\">\n<div class=\"brz-bg-color\"><\/div>\n<\/div>\n<div class=\"brz-column__items brz-css-1uq9d0h brz-css-1izkz7n\">\n<div class=\"brz-wrapper-clone brz-css-a6du8x brz-css-1odpfog\">\n<div class=\"brz-d-xs-flex brz-flex-xs-wrap brz-css-185j5ys\" data-brz-custom-id=\"\">\n<div class=\"brz-wrapper-clone__item\" id=\"isyofmngumdcsalbdiwfejogvzuqqtjqocyb\">\n<div class=\"brz-icon__container\" data-brz-custom-id=\"isyofmngumdcsalbdiwfejogvzuqqtjqocyb\"><span class=\"brz-icon brz-span brz-css-1iz484l brz-css-12ulb4p\"><\/span><\/div>\n<\/div>\n<\/div>\n<\/div>\n<div id=\"\" class=\"brz-css-1tnh17y brz-css-qk8xqu brz-wrapper\">\n<div class=\"brz-spacer brz-css-69gn25 brz-css-t4bzu0\"><\/div>\n<\/div>\n<div id=\"\" class=\"brz-css-1tnh17y brz-css-6jhv1i brz-wrapper\">\n<div class=\"brz-rich-text brz-rich-text__custom brz-css-19rqxyd\" data-brz-custom-id=\"dilgjirdxievrycauitcvhiodmqwrdmcjblb\">\n<div data-brz-translate-text=\"1\">\n<p class=\"brz-text-lg-center brz-tp-lg-heading5 brz-css-fq1AT\" data-generated-css=\"brz-css-dlgby\" data-uniq-id=\"akiuv\"><strong>TELEFON NUMARASI<\/strong><\/p>\n<\/div>\n<\/div>\n<\/div>\n<div id=\"\" class=\"brz-css-1tnh17y brz-css-qk8xqu brz-wrapper\">\n<div class=\"brz-spacer brz-css-69gn25 brz-css-18dj7x9\"><\/div>\n<\/div>\n<div id=\"\" class=\"brz-css-1tnh17y brz-css-1ezqkmo brz-wrapper\">\n<div class=\"brz-rich-text brz-rich-text__custom brz-css-19rqxyd\" data-brz-custom-id=\"tsubvwwbsepxukytwepjoizfvfqirdccctbz\">\n<div data-brz-translate-text=\"1\">\n<p class=\"brz-tp-lg-paragraph brz-text-lg-center brz-css-vzkSC\" data-uniq-id=\"slrnd\" data-generated-css=\"brz-css-hcnlb\"><a class=\"brz-cp-color7 link--external\" href=\"tel:905323652784\" data-brz-link-type=\"external\" target=\"_blank\">+90 532 365 27 84<\/a><\/p>\n<p class=\"brz-tp-lg-paragraph brz-text-lg-center brz-css-p0Wk0\" data-uniq-id=\"hiqcw\" data-generated-css=\"brz-css-vbyub\"><a class=\"brz-cp-color7 link--external\" href=\"tel:902645828833\" data-brz-link-type=\"external\" target=\"_blank\">+90 264 582 88 33<\/a><\/p>\n<\/div>\n<\/div>\n<\/div>\n<\/div>\n<\/div>\n<div class=\"brz-columns brz-css-aqknrf brz-css-1ug5o5m\" data-brz-custom-id=\"zdatheywqkmkuasbgksltnjchjnraajjxome\">\n<div class=\"brz-bg\">\n<div class=\"brz-bg-color\"><\/div>\n<\/div>\n<div class=\"brz-column__items brz-css-1uq9d0h brz-css-1mls92y\">\n<div class=\"brz-wrapper-clone brz-css-a6du8x brz-css-131jxfk\">\n<div class=\"brz-d-xs-flex brz-flex-xs-wrap brz-css-185j5ys\" data-brz-custom-id=\"\">\n<div class=\"brz-wrapper-clone__item\" id=\"iboqbpblnrlindiacddkyseezpbffqagsanq\">\n<div class=\"brz-icon__container\" data-brz-custom-id=\"iboqbpblnrlindiacddkyseezpbffqagsanq\"><span class=\"brz-icon brz-span brz-css-1iz484l brz-css-ytmiia\"><\/span><\/div>\n<\/div>\n<\/div>\n<\/div>\n<div id=\"\" class=\"brz-css-1tnh17y brz-css-qk8xqu brz-wrapper\">\n<div class=\"brz-spacer brz-css-69gn25 brz-css-1ab3vg\"><\/div>\n<\/div>\n<div id=\"\" class=\"brz-css-1tnh17y brz-css-1ufw9p9 brz-wrapper\">\n<div class=\"brz-rich-text brz-rich-text__custom brz-css-19rqxyd\" data-brz-custom-id=\"ytvocnkltrmvsotymttqljoyaldqbbnnjhpr\">\n<div data-brz-translate-text=\"1\">\n<p class=\"brz-text-lg-center brz-tp-lg-heading5 brz-css-sMpXn\" data-generated-css=\"brz-css-eyjou\" data-uniq-id=\"lfkkx\"><strong>E-POSTA<\/strong><\/p>\n<\/div>\n<\/div>\n<\/div>\n<div id=\"\" class=\"brz-css-1tnh17y brz-css-qk8xqu brz-wrapper\">\n<div class=\"brz-spacer brz-css-69gn25 brz-css-zafmqz\"><\/div>\n<\/div>\n<div id=\"\" class=\"brz-css-1tnh17y brz-css-bfh8og brz-wrapper\">\n<div class=\"brz-rich-text brz-rich-text__custom brz-css-19rqxyd\" data-brz-custom-id=\"otmtyzpwerjuipguixmnqxpfhllmlqoysgma\">\n<div data-brz-translate-text=\"1\">\n<p class=\"brz-text-lg-center brz-tp-lg-paragraph brz-css-srxEg\" data-uniq-id=\"fxuks\" data-generated-css=\"brz-css-zlagd\"><span class=\"brz-cp-color7\">info@aycakizyurdu.com<\/span><\/p>\n<\/div>\n<\/div>\n<\/div>\n<\/div>\n<\/div>\n<div class=\"brz-columns brz-css-aqknrf brz-css-1b2kvki\" data-brz-custom-id=\"sjnpgsbkefearmjkpnrewdrltqlmabypezlm\">\n<div class=\"brz-bg\">\n<div class=\"brz-bg-color\"><\/div>\n<\/div>\n<div class=\"brz-column__items brz-css-1uq9d0h brz-css-tdfbg2\">\n<div class=\"brz-wrapper-clone brz-css-a6du8x brz-css-1700krv\">\n<div class=\"brz-d-xs-flex brz-flex-xs-wrap brz-css-185j5ys\" data-brz-custom-id=\"\">\n<div class=\"brz-wrapper-clone__item\" id=\"tozynhurynjitlmrhlzyiatrgavtatuslyfl\">\n<div class=\"brz-icon__container\" data-brz-custom-id=\"tozynhurynjitlmrhlzyiatrgavtatuslyfl\"><span class=\"brz-icon brz-span brz-css-1iz484l brz-css-1piwedq\"><\/span><\/div>\n<\/div>\n<\/div>\n<\/div>\n<div id=\"\" class=\"brz-css-1tnh17y brz-css-qk8xqu brz-wrapper\">\n<div class=\"brz-spacer brz-css-69gn25 brz-css-nh5xe0\"><\/div>\n<\/div>\n<div id=\"\" class=\"brz-css-1tnh17y brz-css-ehmlsp brz-wrapper\">\n<div class=\"brz-rich-text brz-rich-text__custom brz-css-19rqxyd\" data-brz-custom-id=\"hinjwefevedtlujdrwhwcsbtnakzgsjruvcw\">\n<div data-brz-translate-text=\"1\">\n<p class=\"brz-text-lg-center brz-tp-lg-heading5 brz-css-fEXTQ\" data-generated-css=\"brz-css-vcqtw\" data-uniq-id=\"azlsu\"><strong>ADRES<\/strong><\/p>\n<\/div>\n<\/div>\n<\/div>\n<div id=\"\" class=\"brz-css-1tnh17y brz-css-qk8xqu brz-wrapper\">\n<div class=\"brz-spacer brz-css-69gn25 brz-css-1o5vojn\"><\/div>\n<\/div>\n<div id=\"\" class=\"brz-css-1tnh17y brz-css-y8p5hr brz-wrapper\">\n<div class=\"brz-rich-text brz-rich-text__custom brz-css-19rqxyd\" data-brz-custom-id=\"tgzwnktxchmusrhwsejqcxaxevduqzuiinzd\">\n<div data-brz-translate-text=\"1\">\n<p class=\"brz-tp-lg-paragraph brz-text-lg-center brz-css-itsvF\" data-generated-css=\"brz-css-pkcft\" data-uniq-id=\"npsoi\"><span class=\"brz-cp-color7\">G\u00f6l Mahallesi \u0130n\u00f6n\u00fc Caddesi  No:12, 54600 Sapanca\/Sakarya<\/span><\/p>\n<\/div>\n<\/div>\n<\/div>\n<\/div>\n<\/div>\n<\/div>\n<\/div>\n<\/div>\n<\/div>\n<\/section>\n<section id=\"_rsbwmschmqlmhypqiezcjjoonixrmaclzzvx\" class=\"brz-section brz-css-1c6ya6f\">\n<div class=\"brz-section__content brz-section--boxed brz-css-1l970zg brz-css-1ixc3mc\" data-brz-custom-id=\"uphmlnxnjqsguhnaukkffzdhmxbyoxuvdsts\">\n<div class=\"brz-bg\">\n<div class=\"brz-bg-color\"><\/div>\n<\/div>\n<div class=\"brz-container brz-css-1vnjorf brz-css-igqt0u\">\n<div id=\"\" class=\"brz-css-1tnh17y brz-css-1ylo7cr brz-wrapper\">\n<div class=\"brz-rich-text brz-rich-text__custom brz-css-19rqxyd\" data-brz-custom-id=\"uwbcfxnodsccpcqmdfydauegwaelpuptffpu\">\n<div data-brz-translate-text=\"1\">\n<p class=\"brz-tp-lg-heading2 brz-text-lg-center brz-css-eCZUk\" data-uniq-id=\"rbinz\" data-generated-css=\"brz-css-rhnlh\"><span class=\"brz-cp-color2\">MESAJ PANOSU<\/span><\/p>\n<p class=\"brz-text-lg-center brz-fss-lg-px brz-fw-lg-400 brz-ls-lg-0 brz-lh-lg-1_3 brz-tp-lg-empty brz-ff-dm_serif_text brz-ft-google brz-fs-lg-33 brz-css-tr8Fp\" data-uniq-id=\"ucppb\" data-generated-css=\"brz-css-lcryj\"><span class=\"brz-cp-color3\">Merak etiklerinizi sorabilirsiniz.<\/span><\/p>\n<\/div>\n<\/div>\n<\/div>\n<div id=\"\" class=\"brz-css-1tnh17y brz-css-qk8xqu brz-wrapper\">\n<div class=\"brz-spacer brz-css-69gn25 brz-css-29qx6q\"><\/div>\n<\/div>\n<div id=\"\" class=\"brz-css-1tnh17y brz-css-1gvule brz-wrapper\">\n<div data-brz-form-version=\"2\" class=\"brz-forms2 brz-css-txy55q brz-css-ienv1c\" data-brz-custom-id=\"hxrjtcdsdahwjztumkcncbfecxzfodjeydbc\">\n<div data-brz-translate-text=\"1\" class=\"brz-forms2__item brz-css-yjpgci brz-css-11pjviu brz-css-1d51mzy brz-css-1f5i4cf\"><\/div>\n<div data-brz-translate-text=\"1\" class=\"brz-forms2__item brz-css-yjpgci brz-css-11pjviu brz-css-1d51mzy brz-css-z13p48\"><\/div>\n<div data-brz-translate-text=\"1\" class=\"brz-forms2__item brz-css-yjpgci brz-css-11pjviu brz-css-1d51mzy brz-css-1lu884q\"><\/div>\n<div data-brz-translate-text=\"1\" class=\"brz-forms2__item brz-css-yjpgci brz-css-11pjviu brz-css-1d51mzy brz-css-ra66wu\"><textarea id=\"hybl5XwhkDs8_\" name=\"xkjzgkkahjldwbwynufxokrfaestsjwotupw\" data-brz-type=\"Paragraph\" data-brz-label=\"Write Message\" data-brz-placeholder=\"Write Message\" class=\"brz-textarea brz-forms2__field brz-forms2__field-paragraph\"><\/textarea><\/div>\n<div class=\"brz-forms2 brz-forms2__item brz-forms2__item-button\" data-brz-custom-id=\"hxrjtcdsdahwjztumkcncbfecxzfodjeydbc\"><button class=\"brz-btn brz-btn-submit brz-css-1tcx4lh brz-css-78207k\" data-brz-custom-id=\"xjbqqmsuknjrzhlsjcvlwkpaqlempvlxpcxh\"><span data-brz-translate-text=\"1\" class=\"brz-span brz-text__editor\">Mesaj G\u00f6nder<\/span><\/button><\/div>\n<div class=\"brz-g-recaptcha\" data-sitekey=\"\" data-size=\"invisible\" data-callback=\"brzFormV2Captcha\"><\/div>\n<\/div>\n<\/div>\n<\/div>\n<\/div>\n<\/section>\n<section id=\"_ownaxwsfkrhvafcsndupcjikqykkshreubzx\" class=\"brz-section brz-css-1c6ya6f brz-css-gmxh15\">\n<div class=\"brz-section__content brz-section--boxed brz-css-1l970zg brz-css-2n8mxj\" data-brz-custom-id=\"xtvrptrdbtwaqhwftdlanewexazgocggjgoq\">\n<div class=\"brz-bg\">\n<div class=\"brz-bg-color\"><\/div>\n<\/div>\n<div class=\"brz-container brz-css-1vnjorf brz-css-b9whls\">\n<div id=\"\" class=\"brz-css-1tnh17y brz-wrapper\">\n<div class=\"brz-rich-text brz-rich-text__custom brz-css-19rqxyd\" data-brz-custom-id=\"pmfezgbprjdjftcatasffooufotyvkyjwjis\">\n<div data-brz-translate-text=\"1\">\n<p class=\"brz-lh-xs-1_7 brz-ls-xs-0_3 brz-fw-xs-300 brz-fss-xs-px brz-fs-xs-10 brz-tp-xs-empty brz-lh-sm-1_7 brz-ls-sm-0_3 brz-fw-sm-300 brz-fss-sm-px brz-fs-sm-13 brz-tp-sm-empty ql-align-center brz-text-xs-center brz-text-sm-center brz-ff-comfortaa brz-ft-google brz-fs-lg-13 brz-fss-lg-px brz-fw-lg-400 brz-ls-lg-0_3 brz-lh-lg-1_9 brz-tp-lg-empty brz-text-lg-center brz-mt-xs-0 brz-css-rTNoP\" data-generated-css=\"brz-css-xlbzk\" data-uniq-id=\"dkexo\"><strong class=\"brz-cp-color8\">Koala Kolay Reklam \u00ae Marka ve Dijitalle\u015fme Hizmetleri<\/strong><\/p>\n<p class=\"brz-text-lg-center brz-tp-lg-empty brz-fs-xs-10 brz-tp-xs-empty brz-lh-xs-1_7 brz-ls-xs-0_2 brz-fw-xs-300 brz-fss-xs-px brz-lh-sm-1_7 brz-ls-sm-0_2 brz-fw-sm-300 brz-fss-sm-px brz-fs-sm-13 brz-tp-sm-empty brz-text-xs-center brz-text-sm-center ql-align-center brz-ff-comfortaa brz-ft-google brz-fs-lg-13 brz-fss-lg-px brz-fw-lg-400 brz-ls-lg-0_2 brz-lh-lg-1_9 brz-css-lDv_J\" data-generated-css=\"brz-css-fguew\" data-uniq-id=\"tycdf\"><span class=\"brz-cp-color8\">Gelecek Tasar\u0131m \u00a9 2022<\/span><\/p>\n<\/div>\n<\/div>\n<\/div>\n<div id=\"\" class=\"brz-css-1tnh17y brz-wrapper\">\n<div class=\"brz-image brz-css-7914p7 brz-css-glniy0\" data-brz-custom-id=\"gzelfufiiyzoltweervuxzyrhymoagaoszbs\"><a class=\"brz-a\" href=\"https:\/\/koalakolayreklam.com\/\" target=\"_blank\" rel=\"noopener\" data-brz-link-type=\"external\"><img decoding=\"async\" class=\"brz-img\" src=\"https:\/\/aycakizyurdu.com\/wp-content\/uploads\/2022\/08\/koala.png\" alt=\"\" loading=\"lazy\"><\/a><\/div>\n<\/div>\n<\/div>\n<\/div>\n<\/section>\n<\/div>\n<p>    <!-- version:1737016615 --><\/p>\n","protected":false},"excerpt":{"rendered":"<p>\u0130leti\u015fim ve Ula\u015f\u0131m TELEFON NUMARASI +90 532 365 27 84 +90 264 582 88 33 E-POSTA info@aycakizyurdu.com ADRES G\u00f6l Mahallesi \u0130n\u00f6n\u00fc Caddesi No:12, 54600 Sapanca\/Sakarya MESAJ PANOSU Merak etiklerinizi sorabilirsiniz. Mesaj G\u00f6nder Koala Kolay Reklam \u00ae Marka ve Dijitalle\u015fme Hizmetleri Gelecek Tasar\u0131m \u00a9 2022<\/p>\n","protected":false},"author":1,"featured_media":0,"parent":0,"menu_order":0,"comment_status":"closed","ping_status":"closed","template":"brizy-blank-template.php","meta":{"footnotes":""},"class_list":["post-41","page","type-page","status-publish","hentry"],"brizy_media":[],"_links":{"self":[{"href":"https:\/\/aycakizyurdu.com\/index.php\/wp-json\/wp\/v2\/pages\/41","targetHints":{"allow":["GET"]}}],"collection":[{"href":"https:\/\/aycakizyurdu.com\/index.php\/wp-json\/wp\/v2\/pages"}],"about":[{"href":"https:\/\/aycakizyurdu.com\/index.php\/wp-json\/wp\/v2\/types\/page"}],"author":[{"embeddable":true,"href":"https:\/\/aycakizyurdu.com\/index.php\/wp-json\/wp\/v2\/users\/1"}],"replies":[{"embeddable":true,"href":"https:\/\/aycakizyurdu.com\/index.php\/wp-json\/wp\/v2\/comments?post=41"}],"version-history":[{"count":6,"href":"https:\/\/aycakizyurdu.com\/index.php\/wp-json\/wp\/v2\/pages\/41\/revisions"}],"predecessor-version":[{"id":291,"href":"https:\/\/aycakizyurdu.com\/index.php\/wp-json\/wp\/v2\/pages\/41\/revisions\/291"}],"wp:attachment":[{"href":"https:\/\/aycakizyurdu.com\/index.php\/wp-json\/wp\/v2\/media?parent=41"}],"curies":[{"name":"wp","href":"https:\/\/api.w.org\/{rel}","templated":true}]}}